{"id":96,"date":"2021-06-16T22:41:02","date_gmt":"2021-06-16T20:41:02","guid":{"rendered":"http:\/\/cavalah.cluster028.hosting.ovh.net\/?page_id=96"},"modified":"2025-01-16T18:55:09","modified_gmt":"2025-01-16T17:55:09","slug":"premier-album","status":"publish","type":"page","link":"http:\/\/cavalasunderground.com\/?page_id=96","title":{"rendered":"Premier Album"},"content":{"rendered":"\n<div class=\"wp-block-columns is-layout-flex wp-container-core-columns-is-layout-9d6595d7 wp-block-columns-is-layout-flex\">\n<div class=\"wp-block-column is-layout-flow wp-block-column-is-layout-flow\">\n<p class=\"has-text-align-center\"><a href=\"#titre\">TITRE<\/a><\/p>\n<\/div>\n\n\n\n<div class=\"wp-block-column is-layout-flow wp-block-column-is-layout-flow\">\n<p class=\"has-text-align-center\"><a href=\"#clip\">CLIP<\/a><\/p>\n<\/div>\n\n\n\n<div class=\"wp-block-column is-layout-flow wp-block-column-is-layout-flow\">\n<p class=\"has-text-align-center\"><a href=\"#parole\">PAROLE<\/a><\/p>\n<\/div>\n<\/div>\n\n\n\n<figure class=\"wp-block-image size-large img-sticker\"><img loading=\"lazy\" decoding=\"async\" width=\"965\" height=\"1024\" src=\"http:\/\/cavalah.cluster028.hosting.ovh.net\/wp-content\/uploads\/2021\/06\/CAVALAS-ALBUM-PREMIER-965x1024.jpg\" alt=\"\" class=\"wp-image-103\" srcset=\"http:\/\/cavalasunderground.com\/wp-content\/uploads\/2021\/06\/CAVALAS-ALBUM-PREMIER-965x1024.jpg 965w, http:\/\/cavalasunderground.com\/wp-content\/uploads\/2021\/06\/CAVALAS-ALBUM-PREMIER-283x300.jpg 283w, http:\/\/cavalasunderground.com\/wp-content\/uploads\/2021\/06\/CAVALAS-ALBUM-PREMIER-768x815.jpg 768w, http:\/\/cavalasunderground.com\/wp-content\/uploads\/2021\/06\/CAVALAS-ALBUM-PREMIER.jpg 1425w\" sizes=\"auto, (max-width: 965px) 100vw, 965px\" \/><\/figure>\n\n\n\n<b>CAVALAS UNDERGROUND<\/b> c\u2019est avant tout une histoire d\u2019amiti\u00e9 entre 2 enfants du pays, <b>Jean-Christophe<\/b> et <b>Vincent<\/b> qui se connaissent depuis leur tendre enfance Mandr\u00e9enne&#8230;<br>\nC\u2019est lorsqu\u2019ils arrivent au lyc\u00e9e qu\u2019ils d\u00e9cident de former leur premier groupe de musique : \u00ab <b>Big Or Not<\/b> \u00bb en <b>1995<\/b>.<br>\nDurant <b>10 ans<\/b> ils font de nombreuses rencontres au travers de diff\u00e9rentes formations.<br>\nCe n\u2019est qu\u2019\u00e0 partir de <b>2006<\/b> que \u00ab CAVALAS UNDERGROUND \u00bb voit le jour.<br>\nLeur style leur identit\u00e9 et leur couleur musicale est trouv\u00e9 : Chanter, raconter leur histoire, leur quartier, leurs proches et f\u00e9d\u00e9rer en chanson&#8230;<br>\nEt voil\u00e0, une chanson \u00ab <b>au cabanon<\/b> \u00bb qui r\u00e9sume l\u2019\u00e9tat d\u2019esprit de cette formation et aujourd\u2019hui enfin l\u2019arriv\u00e9e du 1er album avec quelques morceaux vieux de plus de <b>20 ans<\/b>&#8230;<br>\nEn esp\u00e9rant que cet album vous plaise et vous transporte dans notre univers.<br>\nBienvenue Au cabanon !\n\n\n\n<figure class=\"wp-block-image size-large\"><img loading=\"lazy\" decoding=\"async\" width=\"1024\" height=\"674\" src=\"http:\/\/cavalasunderground.com\/wp-content\/uploads\/2025\/01\/20250116_091525-1024x674.jpg\" alt=\"\" class=\"wp-image-1050\" srcset=\"http:\/\/cavalasunderground.com\/wp-content\/uploads\/2025\/01\/20250116_091525-1024x674.jpg 1024w, http:\/\/cavalasunderground.com\/wp-content\/uploads\/2025\/01\/20250116_091525-300x198.jpg 300w, http:\/\/cavalasunderground.com\/wp-content\/uploads\/2025\/01\/20250116_091525-768x506.jpg 768w, http:\/\/cavalasunderground.com\/wp-content\/uploads\/2025\/01\/20250116_091525-1536x1012.jpg 1536w, http:\/\/cavalasunderground.com\/wp-content\/uploads\/2025\/01\/20250116_091525-2048x1349.jpg 2048w\" sizes=\"auto, (max-width: 1024px) 100vw, 1024px\" \/><\/figure>\n\n\n\n<figure class=\"wp-block-image size-large is-style-default\" id=\"titre\"><img loading=\"lazy\" decoding=\"async\" width=\"1024\" height=\"69\" src=\"http:\/\/cavalah.cluster028.hosting.ovh.net\/wp-content\/uploads\/2021\/06\/Logo-Cavalas-Baguette-1024x69.png\" alt=\"\" class=\"wp-image-99\" srcset=\"http:\/\/cavalasunderground.com\/wp-content\/uploads\/2021\/06\/Logo-Cavalas-Baguette-1024x69.png 1024w, http:\/\/cavalasunderground.com\/wp-content\/uploads\/2021\/06\/Logo-Cavalas-Baguette-300x20.png 300w, http:\/\/cavalasunderground.com\/wp-content\/uploads\/2021\/06\/Logo-Cavalas-Baguette-768x51.png 768w, http:\/\/cavalasunderground.com\/wp-content\/uploads\/2021\/06\/Logo-Cavalas-Baguette-1536x103.png 1536w, http:\/\/cavalasunderground.com\/wp-content\/uploads\/2021\/06\/Logo-Cavalas-Baguette-2048x137.png 2048w\" sizes=\"auto, (max-width: 1024px) 100vw, 1024px\" \/><\/figure>\n\n\n\n\n\n<div class=\"wp-block-cover is-light has-parallax is-repeated img-sticker\" style=\"min-height:50px;aspect-ratio:unset;\"><span aria-hidden=\"true\" class=\"wp-block-cover__background has-background-dim-20 has-background-dim wp-block-cover__gradient-background has-background-gradient\" style=\"background:linear-gradient(180deg,rgba(252,185,0,1) 0%,rgba(255,105,0,1) 100%)\"><\/span><div class=\"wp-block-cover__image-background wp-image-104 has-parallax is-repeated\" style=\"background-position:50% 50%;background-image:url(http:\/\/cavalah.cluster028.hosting.ovh.net\/wp-content\/uploads\/2021\/06\/BANDE3.jpg)\"><\/div><div class=\"wp-block-cover__inner-container is-layout-flow wp-block-cover-is-layout-flow\">\n<p class=\"has-text-align-center has-luminous-vivid-orange-color has-text-color has-large-font-size\"><strong><span class=\"has-inline-color has-white-color\">TITRE<\/span><\/strong><\/p>\n<\/div><\/div>\n\n\n\n<p><\/p>\n\n\n\n<figure class=\"wp-block-table is-style-regular\"><table class=\"has-background\" style=\"background-color:#fcf0ef\"><tbody><tr><td>1<\/td><td><a href=\"#au-cabanon\">Au Cabanon<\/a><\/td><\/tr><tr><td>2<\/td><td><a href=\"#princesse-sila\">Princesse Sila<\/a><\/td><\/tr><tr><td>3<\/td><td><a href=\"#machine-a-laver\">La machine \u00e0 laver<\/a><\/td><\/tr><tr><td>4<\/td><td>Je suis<\/td><\/tr><tr><td>5<\/td><td><a href=\"#melodies-enfouies\">M\u00e9lodies Enfouies<\/a><\/td><\/tr><tr><td>6<\/td><td><a href=\"#vie-de-chien\">Quelle vie de chien<\/a><\/td><\/tr><tr><td>7<\/td><td><a href=\"#secret-bird\">The secret bird<\/a><\/td><\/tr><tr><td>8<\/td><td>C&rsquo;est pas facile<\/td><\/tr><tr><td>9<\/td><td><a href=\"#mr-millimetre\">Monsieur Millim\u00e8tre<\/a><\/td><\/tr><tr><td>10<\/td><td><a href=\"#massof\">Massof<\/a><\/td><\/tr><tr><td>11<\/td><td>Marlon<\/td><\/tr><tr><td>12<\/td><td>I&rsquo;m so happy<\/td><\/tr><tr><td>13<\/td><td>Inspiration<\/td><\/tr><tr><td>14<\/td><td><a href=\"#dauphin-sur-le-coeur\">Dauphin sur le coeur<\/a><\/td><\/tr><tr><td>15 (chanson cach\u00e9e)<\/td><td><a href=\"#disco-cavalas\">Discocavalas<\/a><\/td><\/tr><\/tbody><\/table><\/figure>\n\n\n\n<p><\/p>\n\n\n\n<figure class=\"wp-block-image size-large is-style-default\" id=\"clip\"><img loading=\"lazy\" decoding=\"async\" width=\"1024\" height=\"69\" src=\"http:\/\/cavalah.cluster028.hosting.ovh.net\/wp-content\/uploads\/2021\/06\/Logo-Cavalas-Baguette-1024x69.png\" alt=\"\" class=\"wp-image-99\" srcset=\"http:\/\/cavalasunderground.com\/wp-content\/uploads\/2021\/06\/Logo-Cavalas-Baguette-1024x69.png 1024w, http:\/\/cavalasunderground.com\/wp-content\/uploads\/2021\/06\/Logo-Cavalas-Baguette-300x20.png 300w, http:\/\/cavalasunderground.com\/wp-content\/uploads\/2021\/06\/Logo-Cavalas-Baguette-768x51.png 768w, http:\/\/cavalasunderground.com\/wp-content\/uploads\/2021\/06\/Logo-Cavalas-Baguette-1536x103.png 1536w, http:\/\/cavalasunderground.com\/wp-content\/uploads\/2021\/06\/Logo-Cavalas-Baguette-2048x137.png 2048w\" sizes=\"auto, (max-width: 1024px) 100vw, 1024px\" \/><\/figure>\n\n\n\n<div class=\"wp-block-cover is-light has-parallax is-repeated img-sticker\" style=\"min-height:50px;aspect-ratio:unset;\"><span aria-hidden=\"true\" class=\"wp-block-cover__background has-background-dim-20 has-background-dim wp-block-cover__gradient-background has-background-gradient\" style=\"background:linear-gradient(180deg,rgba(252,185,0,1) 0%,rgba(255,105,0,1) 100%)\"><\/span><div class=\"wp-block-cover__image-background wp-image-104 has-parallax is-repeated\" style=\"background-position:50% 50%;background-image:url(http:\/\/cavalah.cluster028.hosting.ovh.net\/wp-content\/uploads\/2021\/06\/BANDE3.jpg)\"><\/div><div class=\"wp-block-cover__inner-container is-layout-flow wp-block-cover-is-layout-flow\">\n<p class=\"has-text-align-center has-luminous-vivid-orange-color has-text-color has-large-font-size\"><strong><span class=\"has-inline-color has-white-color\">CLIP<\/span><\/strong><\/p>\n<\/div><\/div>\n\n\n\n<BR>\n<div id=\"au-cabanon\" \/>\n\n\n\n<figure class=\"wp-block-embed is-type-video is-provider-youtube wp-block-embed-youtube wp-embed-aspect-4-3 wp-has-aspect-ratio\"><div class=\"wp-block-embed__wrapper\">\n<iframe loading=\"lazy\" title=\"AU CABANON Cavalas Underground\" width=\"960\" height=\"720\" src=\"https:\/\/www.youtube.com\/embed\/f5J4hEEU5Fo?start=1&#038;feature=oembed\" frameborder=\"0\" allow=\"accelerometer; autoplay; clipboard-write; encrypted-media; gyroscope; picture-in-picture; web-share\" referrerpolicy=\"strict-origin-when-cross-origin\" allowfullscreen><\/iframe>\n<\/div><\/figure>\n\n\n\n<BR>\n<div id=\"machine-a-laver\" \/>\n\n\n\n<figure class=\"wp-block-embed is-type-video is-provider-youtube wp-block-embed-youtube wp-embed-aspect-4-3 wp-has-aspect-ratio\"><div class=\"wp-block-embed__wrapper\">\n<iframe loading=\"lazy\" title=\"LA MACHINE A LAVER Cavalas Underground\" width=\"960\" height=\"720\" src=\"https:\/\/www.youtube.com\/embed\/SicRKIdYLzU?feature=oembed\" frameborder=\"0\" allow=\"accelerometer; autoplay; clipboard-write; encrypted-media; gyroscope; picture-in-picture; web-share\" referrerpolicy=\"strict-origin-when-cross-origin\" allowfullscreen><\/iframe>\n<\/div><\/figure>\n\n\n\n<BR>\n<div id=\"princesse-sila\" \/>\n\n\n\n<figure class=\"wp-block-embed is-type-video is-provider-youtube wp-block-embed-youtube wp-embed-aspect-16-9 wp-has-aspect-ratio\"><div class=\"wp-block-embed__wrapper\">\n<iframe loading=\"lazy\" title=\"PRINCESSE SILA Cavalas Underground\" width=\"960\" height=\"540\" src=\"https:\/\/www.youtube.com\/embed\/iwSc2KJJYys?feature=oembed\" frameborder=\"0\" allow=\"accelerometer; autoplay; clipboard-write; encrypted-media; gyroscope; picture-in-picture; web-share\" referrerpolicy=\"strict-origin-when-cross-origin\" allowfullscreen><\/iframe>\n<\/div><\/figure>\n\n\n\n<BR>\n<div id=\"melodies-enfouies\" \/>\n\n\n\n<figure class=\"wp-block-embed is-type-video is-provider-youtube wp-block-embed-youtube wp-embed-aspect-16-9 wp-has-aspect-ratio\"><div class=\"wp-block-embed__wrapper\">\n<iframe loading=\"lazy\" title=\"M\u00e9lodies enfouies    CAVALAS Underground\" width=\"960\" height=\"540\" src=\"https:\/\/www.youtube.com\/embed\/CHlU6gqdsOg?feature=oembed\" frameborder=\"0\" allow=\"accelerometer; autoplay; clipboard-write; encrypted-media; gyroscope; picture-in-picture; web-share\" referrerpolicy=\"strict-origin-when-cross-origin\" allowfullscreen><\/iframe>\n<\/div><\/figure>\n\n\n\n<BR>\n<div id=\"vie-de-chien\" \/>\n\n\n\n<figure class=\"wp-block-embed is-type-video is-provider-youtube wp-block-embed-youtube wp-embed-aspect-16-9 wp-has-aspect-ratio\"><div class=\"wp-block-embed__wrapper\">\n<iframe loading=\"lazy\" title=\"QUELLE VIE DE CHIEN Cavalas Underground\" width=\"960\" height=\"540\" src=\"https:\/\/www.youtube.com\/embed\/wftRUBu0T-0?feature=oembed\" frameborder=\"0\" allow=\"accelerometer; autoplay; clipboard-write; encrypted-media; gyroscope; picture-in-picture; web-share\" referrerpolicy=\"strict-origin-when-cross-origin\" allowfullscreen><\/iframe>\n<\/div><\/figure>\n\n\n\n<BR>\n<div id=\"secret-bird\" \/>\n\n\n\n<figure class=\"wp-block-embed is-type-video is-provider-youtube wp-block-embed-youtube wp-embed-aspect-4-3 wp-has-aspect-ratio\"><div class=\"wp-block-embed__wrapper\">\n<iframe loading=\"lazy\" title=\"THE SECRET BIRD Cavalas Underground\" width=\"960\" height=\"720\" src=\"https:\/\/www.youtube.com\/embed\/DHKpwpXU2ZY?feature=oembed\" frameborder=\"0\" allow=\"accelerometer; autoplay; clipboard-write; encrypted-media; gyroscope; picture-in-picture; web-share\" referrerpolicy=\"strict-origin-when-cross-origin\" allowfullscreen><\/iframe>\n<\/div><\/figure>\n\n\n\n<BR>\n<div id=\"mr-millimetre\" \/>\n\n\n\n<figure class=\"wp-block-embed is-type-video is-provider-youtube wp-block-embed-youtube wp-embed-aspect-16-9 wp-has-aspect-ratio\"><div class=\"wp-block-embed__wrapper\">\n<iframe loading=\"lazy\" title=\"MR Millim\u00e8tre\" width=\"960\" height=\"540\" src=\"https:\/\/www.youtube.com\/embed\/H0JCNQk0Q7M?feature=oembed\" frameborder=\"0\" allow=\"accelerometer; autoplay; clipboard-write; encrypted-media; gyroscope; picture-in-picture; web-share\" referrerpolicy=\"strict-origin-when-cross-origin\" allowfullscreen><\/iframe>\n<\/div><\/figure>\n\n\n\n<BR>\n<div id=\"massof\" \/>\n\n\n\n<figure class=\"wp-block-embed is-type-video is-provider-youtube wp-block-embed-youtube wp-embed-aspect-16-9 wp-has-aspect-ratio\"><div class=\"wp-block-embed__wrapper\">\n<iframe loading=\"lazy\" title=\"Massof      Cavalas Underground\" width=\"960\" height=\"540\" src=\"https:\/\/www.youtube.com\/embed\/ZIuL603fUBM?feature=oembed\" frameborder=\"0\" allow=\"accelerometer; autoplay; clipboard-write; encrypted-media; gyroscope; picture-in-picture; web-share\" referrerpolicy=\"strict-origin-when-cross-origin\" allowfullscreen><\/iframe>\n<\/div><\/figure>\n\n\n\n<BR>\n<div id=\"dauphin-sur-le-coeur\" \/>\n\n\n\n<figure class=\"wp-block-embed is-type-video is-provider-youtube wp-block-embed-youtube wp-embed-aspect-4-3 wp-has-aspect-ratio\"><div class=\"wp-block-embed__wrapper\">\n<iframe loading=\"lazy\" title=\"DAUPHIN SUR LE COEUR  Cavalas underground\" width=\"960\" height=\"720\" src=\"https:\/\/www.youtube.com\/embed\/7ysS70Gr_T4?feature=oembed\" frameborder=\"0\" allow=\"accelerometer; autoplay; clipboard-write; encrypted-media; gyroscope; picture-in-picture; web-share\" referrerpolicy=\"strict-origin-when-cross-origin\" allowfullscreen><\/iframe>\n<\/div><\/figure>\n\n\n\n<BR>\n<div id=\"disco-cavalas\" \/>\n\n\n\n<figure class=\"wp-block-embed is-type-video is-provider-youtube wp-block-embed-youtube wp-embed-aspect-16-9 wp-has-aspect-ratio\"><div class=\"wp-block-embed__wrapper\">\n<iframe loading=\"lazy\" title=\"DISCOCAVALAS Cavalas Underground\" width=\"960\" height=\"540\" src=\"https:\/\/www.youtube.com\/embed\/BHBBwyiiSXU?feature=oembed\" frameborder=\"0\" allow=\"accelerometer; autoplay; clipboard-write; encrypted-media; gyroscope; picture-in-picture; web-share\" referrerpolicy=\"strict-origin-when-cross-origin\" allowfullscreen><\/iframe>\n<\/div><\/figure>\n\n\n\n<BR>\n<div id=\"feuilles-mortes\" \/>\n\n\n\n<figure class=\"wp-block-embed is-type-video is-provider-youtube wp-block-embed-youtube wp-embed-aspect-4-3 wp-has-aspect-ratio\"><div class=\"wp-block-embed__wrapper\">\n<iframe loading=\"lazy\" title=\"LES FEUILLES MORTES Cavalas Underground\" width=\"960\" height=\"720\" src=\"https:\/\/www.youtube.com\/embed\/b8HZO3npGc0?feature=oembed\" frameborder=\"0\" allow=\"accelerometer; autoplay; clipboard-write; encrypted-media; gyroscope; picture-in-picture; web-share\" referrerpolicy=\"strict-origin-when-cross-origin\" allowfullscreen><\/iframe>\n<\/div><\/figure>\n\n\n\n<figure class=\"wp-block-image size-large is-style-default\" id=\"parole\"><img loading=\"lazy\" decoding=\"async\" width=\"1024\" height=\"69\" src=\"http:\/\/cavalah.cluster028.hosting.ovh.net\/wp-content\/uploads\/2021\/06\/Logo-Cavalas-Baguette-1024x69.png\" alt=\"\" class=\"wp-image-99\" srcset=\"http:\/\/cavalasunderground.com\/wp-content\/uploads\/2021\/06\/Logo-Cavalas-Baguette-1024x69.png 1024w, http:\/\/cavalasunderground.com\/wp-content\/uploads\/2021\/06\/Logo-Cavalas-Baguette-300x20.png 300w, http:\/\/cavalasunderground.com\/wp-content\/uploads\/2021\/06\/Logo-Cavalas-Baguette-768x51.png 768w, http:\/\/cavalasunderground.com\/wp-content\/uploads\/2021\/06\/Logo-Cavalas-Baguette-1536x103.png 1536w, http:\/\/cavalasunderground.com\/wp-content\/uploads\/2021\/06\/Logo-Cavalas-Baguette-2048x137.png 2048w\" sizes=\"auto, (max-width: 1024px) 100vw, 1024px\" \/><\/figure>\n\n\n\n<div class=\"wp-block-cover is-light has-parallax is-repeated img-sticker\" style=\"min-height:50px;aspect-ratio:unset;\"><span aria-hidden=\"true\" class=\"wp-block-cover__background has-background-dim-20 has-background-dim wp-block-cover__gradient-background has-background-gradient\" style=\"background:linear-gradient(180deg,rgba(252,185,0,1) 0%,rgba(255,105,0,1) 100%)\"><\/span><div class=\"wp-block-cover__image-background wp-image-104 has-parallax is-repeated\" style=\"background-position:50% 50%;background-image:url(http:\/\/cavalah.cluster028.hosting.ovh.net\/wp-content\/uploads\/2021\/06\/BANDE3.jpg)\"><\/div><div class=\"wp-block-cover__inner-container is-layout-flow wp-block-cover-is-layout-flow\">\n<p class=\"has-text-align-center has-luminous-vivid-orange-color has-text-color has-large-font-size\"><mark style=\"background-color:rgba(0, 0, 0, 0)\" class=\"has-inline-color has-white-color\"><strong>PAROLES<\/strong><\/mark><\/p>\n<\/div><\/div>\n\n\n\n<p><\/p>\n\n\n<ul class=\"wp-block-latest-posts__list wp-block-latest-posts\"><li><a class=\"wp-block-latest-posts__post-title\" href=\"http:\/\/cavalasunderground.com\/?p=722\">Cavalas Underground &#8211; Au Cabanon &#8211; 01 &#8211; Au Cabanon<\/a><\/li>\n<li><a class=\"wp-block-latest-posts__post-title\" href=\"http:\/\/cavalasunderground.com\/?p=724\">Cavalas Underground &#8211; Au Cabanon &#8211; 02 &#8211; Princesse Sila<\/a><\/li>\n<li><a class=\"wp-block-latest-posts__post-title\" href=\"http:\/\/cavalasunderground.com\/?p=726\">Cavalas Underground &#8211; Au Cabanon &#8211; 03 &#8211; La Machine \u00e0 Laver<\/a><\/li>\n<li><a class=\"wp-block-latest-posts__post-title\" href=\"http:\/\/cavalasunderground.com\/?p=730\">Cavalas Underground &#8211; Au Cabanon &#8211; 04 &#8211; Je Suis<\/a><\/li>\n<li><a class=\"wp-block-latest-posts__post-title\" href=\"http:\/\/cavalasunderground.com\/?p=733\">Cavalas Underground &#8211; Au Cabanon &#8211; 05 &#8211; M\u00e9lodie Enfouies<\/a><\/li>\n<li><a class=\"wp-block-latest-posts__post-title\" href=\"http:\/\/cavalasunderground.com\/?p=737\">Cavalas Underground &#8211; Au Cabanon &#8211; 06 &#8211; Quelle Vie de Chien<\/a><\/li>\n<li><a class=\"wp-block-latest-posts__post-title\" href=\"http:\/\/cavalasunderground.com\/?p=681\">Cavalas Underground &#8211; Au Cabanon &#8211; 07 &#8211; The Secret Bird<\/a><\/li>\n<li><a class=\"wp-block-latest-posts__post-title\" href=\"http:\/\/cavalasunderground.com\/?p=739\">Cavalas Underground &#8211; Au Cabanon &#8211; 08 &#8211; C&rsquo;est Pas Facile<\/a><\/li>\n<li><a class=\"wp-block-latest-posts__post-title\" href=\"http:\/\/cavalasunderground.com\/?p=741\">Cavalas Underground &#8211; Au Cabanon &#8211; 09 &#8211; MR Millim\u00e8tre<\/a><\/li>\n<li><a class=\"wp-block-latest-posts__post-title\" href=\"http:\/\/cavalasunderground.com\/?p=743\">Cavalas Underground &#8211; Au Cabanon &#8211; 10 &#8211; Massof<\/a><\/li>\n<li><a class=\"wp-block-latest-posts__post-title\" href=\"http:\/\/cavalasunderground.com\/?p=745\">Cavalas Underground &#8211; Au Cabanon &#8211; 11 &#8211; Marlon<\/a><\/li>\n<li><a class=\"wp-block-latest-posts__post-title\" href=\"http:\/\/cavalasunderground.com\/?p=747\">Cavalas Underground &#8211; Au Cabanon &#8211; 12 &#8211; I&rsquo;m So Happy<\/a><\/li>\n<li><a class=\"wp-block-latest-posts__post-title\" href=\"http:\/\/cavalasunderground.com\/?p=749\">Cavalas Underground &#8211; Au Cabanon &#8211; 13 &#8211; Inspiration<\/a><\/li>\n<li><a class=\"wp-block-latest-posts__post-title\" href=\"http:\/\/cavalasunderground.com\/?p=751\">Cavalas Underground &#8211; Au Cabanon &#8211; 14 &#8211; Dauphin Sur Le Coeur<\/a><\/li>\n<li><a class=\"wp-block-latest-posts__post-title\" href=\"http:\/\/cavalasunderground.com\/?p=753\">Cavalas Underground &#8211; Au Cabanon &#8211; 15 &#8211; Discocavalas<\/a><\/li>\n<\/ul>\n\n\n<p><\/p>\n\n\n\n<figure class=\"wp-block-image size-large img-sticker\"><img loading=\"lazy\" decoding=\"async\" width=\"1024\" height=\"1014\" src=\"http:\/\/cavalah.cluster028.hosting.ovh.net\/wp-content\/uploads\/2021\/06\/CAVALAS-ALBUM-PREMIER-FIN-1024x1014.jpg\" alt=\"\" class=\"wp-image-161\" srcset=\"http:\/\/cavalasunderground.com\/wp-content\/uploads\/2021\/06\/CAVALAS-ALBUM-PREMIER-FIN-1024x1014.jpg 1024w, http:\/\/cavalasunderground.com\/wp-content\/uploads\/2021\/06\/CAVALAS-ALBUM-PREMIER-FIN-300x297.jpg 300w, http:\/\/cavalasunderground.com\/wp-content\/uploads\/2021\/06\/CAVALAS-ALBUM-PREMIER-FIN-150x150.jpg 150w, http:\/\/cavalasunderground.com\/wp-content\/uploads\/2021\/06\/CAVALAS-ALBUM-PREMIER-FIN-768x760.jpg 768w, http:\/\/cavalasunderground.com\/wp-content\/uploads\/2021\/06\/CAVALAS-ALBUM-PREMIER-FIN.jpg 1376w\" sizes=\"auto, (max-width: 1024px) 100vw, 1024px\" \/><\/figure>\n","protected":false},"excerpt":{"rendered":"<p>TITRE CLIP PAROLE CAVALAS UNDERGROUND c\u2019est avant tout une histoire d\u2019amiti\u00e9 entre 2 enfants du pays, Jean-Christophe et Vincent qui &hellip; <a href=\"http:\/\/cavalasunderground.com\/?page_id=96\" class=\"more-link\">More <span class=\"screen-reader-text\">Premier Album<\/span> <span class=\"meta-nav\">&rarr;<\/span><\/a><\/p>\n","protected":false},"author":2,"featured_media":0,"parent":0,"menu_order":0,"comment_status":"closed","ping_status":"closed","template":"","meta":{"footnotes":""},"class_list":["post-96","page","type-page","status-publish","hentry"],"_links":{"self":[{"href":"http:\/\/cavalasunderground.com\/index.php?rest_route=\/wp\/v2\/pages\/96","targetHints":{"allow":["GET"]}}],"collection":[{"href":"http:\/\/cavalasunderground.com\/index.php?rest_route=\/wp\/v2\/pages"}],"about":[{"href":"http:\/\/cavalasunderground.com\/index.php?rest_route=\/wp\/v2\/types\/page"}],"author":[{"embeddable":true,"href":"http:\/\/cavalasunderground.com\/index.php?rest_route=\/wp\/v2\/users\/2"}],"replies":[{"embeddable":true,"href":"http:\/\/cavalasunderground.com\/index.php?rest_route=%2Fwp%2Fv2%2Fcomments&post=96"}],"version-history":[{"count":53,"href":"http:\/\/cavalasunderground.com\/index.php?rest_route=\/wp\/v2\/pages\/96\/revisions"}],"predecessor-version":[{"id":1052,"href":"http:\/\/cavalasunderground.com\/index.php?rest_route=\/wp\/v2\/pages\/96\/revisions\/1052"}],"wp:attachment":[{"href":"http:\/\/cavalasunderground.com\/index.php?rest_route=%2Fwp%2Fv2%2Fmedia&parent=96"}],"curies":[{"name":"wp","href":"https:\/\/api.w.org\/{rel}","templated":true}]}}