{"id":179,"date":"2021-06-19T11:23:03","date_gmt":"2021-06-19T09:23:03","guid":{"rendered":"http:\/\/cavalah.cluster028.hosting.ovh.net\/?page_id=179"},"modified":"2023-06-25T15:24:12","modified_gmt":"2023-06-25T13:24:12","slug":"les-dates","status":"publish","type":"page","link":"http:\/\/cavalasunderground.com\/?page_id=179","title":{"rendered":"Dates"},"content":{"rendered":"\n<div id=\"fb-root\"><\/div>\n<script async=\"\" defer=\"\" crossorigin=\"anonymous\" src=\"https:\/\/connect.facebook.net\/fr_FR\/sdk.js#xfbml=1&amp;version=v11.0\" nonce=\"xEMRE5le\"><\/script>\n\n\n\n<figure class=\"wp-block-image size-large\"><img loading=\"lazy\" decoding=\"async\" width=\"721\" height=\"1024\" src=\"http:\/\/cavalasunderground.com\/wp-content\/uploads\/2023\/06\/Screenshot_20230620-112650-721x1024.jpg\" alt=\"\" class=\"wp-image-1000\" srcset=\"http:\/\/cavalasunderground.com\/wp-content\/uploads\/2023\/06\/Screenshot_20230620-112650-721x1024.jpg 721w, http:\/\/cavalasunderground.com\/wp-content\/uploads\/2023\/06\/Screenshot_20230620-112650-211x300.jpg 211w, http:\/\/cavalasunderground.com\/wp-content\/uploads\/2023\/06\/Screenshot_20230620-112650-768x1091.jpg 768w, http:\/\/cavalasunderground.com\/wp-content\/uploads\/2023\/06\/Screenshot_20230620-112650.jpg 1049w\" sizes=\"auto, (max-width: 721px) 100vw, 721px\" \/><\/figure>\n\n\n\n<div class=\"wp-block-columns is-layout-flex wp-container-core-columns-is-layout-9d6595d7 wp-block-columns-is-layout-flex\">\n<div class=\"wp-block-column is-layout-flow wp-block-column-is-layout-flow\">\n<p class=\"has-text-align-center\"><a href=\"#concert\">Concert<\/a><\/p>\n<\/div>\n\n\n\n<div class=\"wp-block-column is-layout-flow wp-block-column-is-layout-flow\">\n<p class=\"has-text-align-center\"><a href=\"#dedicace\">D\u00e9dicace<\/a><\/p>\n<\/div>\n<\/div>\n\n\n\n<figure class=\"wp-block-image size-large is-style-rounded\" id=\"concert\"><img loading=\"lazy\" decoding=\"async\" width=\"1024\" height=\"69\" src=\"http:\/\/cavalah.cluster028.hosting.ovh.net\/wp-content\/uploads\/2021\/06\/Logo-Cavalas-Baguette-1024x69.png\" alt=\"\" class=\"wp-image-99\" srcset=\"http:\/\/cavalasunderground.com\/wp-content\/uploads\/2021\/06\/Logo-Cavalas-Baguette-1024x69.png 1024w, http:\/\/cavalasunderground.com\/wp-content\/uploads\/2021\/06\/Logo-Cavalas-Baguette-300x20.png 300w, http:\/\/cavalasunderground.com\/wp-content\/uploads\/2021\/06\/Logo-Cavalas-Baguette-768x51.png 768w, http:\/\/cavalasunderground.com\/wp-content\/uploads\/2021\/06\/Logo-Cavalas-Baguette-1536x103.png 1536w, http:\/\/cavalasunderground.com\/wp-content\/uploads\/2021\/06\/Logo-Cavalas-Baguette-2048x137.png 2048w\" sizes=\"auto, (max-width: 1024px) 100vw, 1024px\" \/><\/figure>\n\n\n\n<div class=\"wp-block-cover is-light has-parallax is-repeated\" style=\"min-height:60px;aspect-ratio:unset;\"><span aria-hidden=\"true\" class=\"wp-block-cover__background has-background-dim-20 has-background-dim wp-block-cover__gradient-background has-background-gradient\" style=\"background:linear-gradient(135deg,rgb(255,203,112) 0%,rgb(199,81,192) 49%,rgb(65,88,208) 100%)\"><\/span><div role=\"img\" class=\"wp-block-cover__image-background wp-image-300 has-parallax is-repeated\" style=\"background-position:50% 50%;background-image:url(http:\/\/cavalah.cluster028.hosting.ovh.net\/wp-content\/uploads\/2021\/06\/BANDE-CONCERT-20190707_214237-scaled.jpg)\"><\/div><div class=\"wp-block-cover__inner-container is-layout-flow wp-block-cover-is-layout-flow\">\n<p class=\"has-text-align-center has-large-font-size\"><strong>CONCERT<\/strong><\/p>\n<\/div><\/div>\n\n\n\n<p><\/p>\n\n\n<ul class=\"wp-block-latest-posts__list wp-block-latest-posts\"><li><a class=\"wp-block-latest-posts__post-title\" href=\"http:\/\/cavalasunderground.com\/?p=983\">Jeudi 21 Septembre 2023<\/a><div class=\"wp-block-latest-posts__post-full-content\"><!-- wp:paragraph -->\n<p>Fort de l&rsquo;Eguillette<\/p>\n<!-- \/wp:paragraph -->\n\n<!-- wp:paragraph -->\n<p>La Seyne-sur-Mer<\/p>\n<!-- \/wp:paragraph -->\n\n<!-- wp:paragraph -->\n<p><\/p>\n<!-- \/wp:paragraph --><\/div><\/li>\n<li><a class=\"wp-block-latest-posts__post-title\" href=\"http:\/\/cavalasunderground.com\/?p=981\">Samedi 09 Septembre 2023<\/a><div class=\"wp-block-latest-posts__post-full-content\"><!-- wp:paragraph -->\n<p>Pertuis<\/p>\n<!-- \/wp:paragraph -->\n\n<!-- wp:paragraph -->\n<p>Pertuis<\/p>\n<!-- \/wp:paragraph --><\/div><\/li>\n<li><a class=\"wp-block-latest-posts__post-title\" href=\"http:\/\/cavalasunderground.com\/?p=979\">Samedi 26 Aout 2023<\/a><div class=\"wp-block-latest-posts__post-full-content\"><!-- wp:paragraph -->\n<p>Festival Cavalas<\/p>\n<!-- \/wp:paragraph -->\n\n<!-- wp:paragraph -->\n<p>Saint-Mandrier-sur-Mer<\/p>\n<!-- \/wp:paragraph --><\/div><\/li>\n<li><a class=\"wp-block-latest-posts__post-title\" href=\"http:\/\/cavalasunderground.com\/?p=977\">Vendredi 25 Aout 2023<\/a><div class=\"wp-block-latest-posts__post-full-content\"><!-- wp:paragraph -->\n<p>Revest<\/p>\n<!-- \/wp:paragraph -->\n\n<!-- wp:paragraph -->\n<p>Le Revest<\/p>\n<!-- \/wp:paragraph --><\/div><\/li>\n<li><a class=\"wp-block-latest-posts__post-title\" href=\"http:\/\/cavalasunderground.com\/?p=975\">Samedi 19 Aout 2023<\/a><div class=\"wp-block-latest-posts__post-full-content\"><!-- wp:paragraph -->\n<p>Flassans<\/p>\n<!-- \/wp:paragraph -->\n\n<!-- wp:paragraph -->\n<p>Flassans-sur-Issole<\/p>\n<!-- \/wp:paragraph --><\/div><\/li>\n<li><a class=\"wp-block-latest-posts__post-title\" href=\"http:\/\/cavalasunderground.com\/?p=973\">Vendredi 18 Aout 2023<\/a><div class=\"wp-block-latest-posts__post-full-content\"><!-- wp:paragraph -->\n<p>Pin Rolland<\/p>\n<!-- \/wp:paragraph -->\n\n<!-- wp:paragraph -->\n<p>Saint-Mandrier-sur-Mer<\/p>\n<!-- \/wp:paragraph --><\/div><\/li>\n<li><a class=\"wp-block-latest-posts__post-title\" href=\"http:\/\/cavalasunderground.com\/?p=971\">Mardi 15 Aout 2023<\/a><div class=\"wp-block-latest-posts__post-full-content\"><!-- wp:paragraph -->\n<p>Journ\u00e9e A.C.I.<\/p>\n<!-- \/wp:paragraph -->\n\n<!-- wp:paragraph -->\n<p>Saint-Mandrier-sur-Mer<\/p>\n<!-- \/wp:paragraph --><\/div><\/li>\n<li><a class=\"wp-block-latest-posts__post-title\" href=\"http:\/\/cavalasunderground.com\/?p=969\">Samedi 29 Juillet 2023<\/a><div class=\"wp-block-latest-posts__post-full-content\"><!-- wp:paragraph -->\n<p>Bi\u00e8res du Monde<\/p>\n<!-- \/wp:paragraph -->\n\n<!-- wp:paragraph -->\n<p>la Garde<\/p>\n<!-- \/wp:paragraph --><\/div><\/li>\n<li><a class=\"wp-block-latest-posts__post-title\" href=\"http:\/\/cavalasunderground.com\/?p=966\">Mercredi 19 Juillet 2023<\/a><div class=\"wp-block-latest-posts__post-full-content\"><!-- wp:paragraph -->\n<p>Camping Pin Rolland<\/p>\n<!-- \/wp:paragraph -->\n\n<!-- wp:paragraph -->\n<p>Saint-Mandrier-sur-Mer<\/p>\n<!-- \/wp:paragraph --><\/div><\/li>\n<li><a class=\"wp-block-latest-posts__post-title\" href=\"http:\/\/cavalasunderground.com\/?p=964\">Samedi 08 Juillet 2023<\/a><div class=\"wp-block-latest-posts__post-full-content\"><!-- wp:paragraph -->\n<p>Yucca<\/p>\n<!-- \/wp:paragraph -->\n\n<!-- wp:paragraph -->\n<p>Six Fours les Plages<\/p>\n<!-- \/wp:paragraph --><\/div><\/li>\n<li><a class=\"wp-block-latest-posts__post-title\" href=\"http:\/\/cavalasunderground.com\/?p=962\">Vendredi 30 Juin 2023<\/a><div class=\"wp-block-latest-posts__post-full-content\"><!-- wp:paragraph -->\n<p>Parc de la Navale<\/p>\n<!-- \/wp:paragraph -->\n\n<!-- wp:paragraph -->\n<p>La Seyne sur Mer<\/p>\n<!-- \/wp:paragraph --><\/div><\/li>\n<li><a class=\"wp-block-latest-posts__post-title\" href=\"http:\/\/cavalasunderground.com\/?p=960\">Mercredi 21 Juin 2023<\/a><div class=\"wp-block-latest-posts__post-full-content\"><!-- wp:paragraph -->\n<p>F\u00eate de la Musique<\/p>\n<!-- \/wp:paragraph -->\n\n<!-- wp:paragraph -->\n<p>Saint-Mandrier sur Mer<\/p>\n<!-- \/wp:paragraph --><\/div><\/li>\n<li><a class=\"wp-block-latest-posts__post-title\" href=\"http:\/\/cavalasunderground.com\/?p=958\">Samedi 17 Juin 2023<\/a><div class=\"wp-block-latest-posts__post-full-content\"><!-- wp:paragraph -->\n<p>Pin Rolland<\/p>\n<!-- \/wp:paragraph -->\n\n<!-- wp:paragraph -->\n<p>Saint-Mandrier sur Mer<\/p>\n<!-- \/wp:paragraph --><\/div><\/li>\n<li><a class=\"wp-block-latest-posts__post-title\" href=\"http:\/\/cavalasunderground.com\/?p=884\">Dimanche 11 Septembre 2022<\/a><div class=\"wp-block-latest-posts__post-full-content\"><!-- wp:paragraph -->\n<p>Parcours des Grands enfants<\/p>\n<!-- \/wp:paragraph -->\n\n<!-- wp:paragraph -->\n<p>Dans l&rsquo;apr\u00e8s-midi<\/p>\n<!-- \/wp:paragraph --><\/div><\/li>\n<li><a class=\"wp-block-latest-posts__post-title\" href=\"http:\/\/cavalasunderground.com\/?p=882\">Samedi 03 Septembre 2022<\/a><div class=\"wp-block-latest-posts__post-full-content\"><!-- wp:paragraph -->\n<p>Participation au forum des associations \u00e0 Saint-Mandrier<\/p>\n<!-- \/wp:paragraph --><\/div><\/li>\n<li><a class=\"wp-block-latest-posts__post-title\" href=\"http:\/\/cavalasunderground.com\/?p=880\">vendredi 02 Septembre 2022<\/a><div class=\"wp-block-latest-posts__post-full-content\"><!-- wp:paragraph -->\n<p>Le Revest-les-Eaux<\/p>\n<!-- \/wp:paragraph -->\n\n<!-- wp:paragraph -->\n<p>A partir de 21h00<\/p>\n<!-- \/wp:paragraph --><\/div><\/li>\n<li><a class=\"wp-block-latest-posts__post-title\" href=\"http:\/\/cavalasunderground.com\/?p=878\">Mercredi 31 Ao\u00fbt 2022<\/a><div class=\"wp-block-latest-posts__post-full-content\"><!-- wp:paragraph -->\n<p>Camping Homair<\/p>\n<!-- \/wp:paragraph -->\n\n<!-- wp:paragraph -->\n<p>A partir de 21h00<\/p>\n<!-- \/wp:paragraph --><\/div><\/li>\n<li><a class=\"wp-block-latest-posts__post-title\" href=\"http:\/\/cavalasunderground.com\/?p=876\">Lundi 22 Ao\u00fbt 2022<\/a><div class=\"wp-block-latest-posts__post-full-content\"><!-- wp:paragraph -->\n<p>Pin Rolland (F\u00eate Mandreanne)<\/p>\n<!-- \/wp:paragraph -->\n\n<!-- wp:paragraph -->\n<p>Vers 21h00<\/p>\n<!-- \/wp:paragraph --><\/div><\/li>\n<li><a class=\"wp-block-latest-posts__post-title\" href=\"http:\/\/cavalasunderground.com\/?p=874\">Dimanche 21 Ao\u00fbt 2022<\/a><div class=\"wp-block-latest-posts__post-full-content\"><!-- wp:paragraph -->\n<p>P\u00e8re Louis \u00e0 Tamaris<\/p>\n<!-- \/wp:paragraph -->\n\n<!-- wp:paragraph -->\n<p>Midi avec Bouillabaisse<\/p>\n<!-- \/wp:paragraph --><\/div><\/li>\n<li><a class=\"wp-block-latest-posts__post-title\" href=\"http:\/\/cavalasunderground.com\/?p=872\">Samedi 20 Ao\u00fbt 2022<\/a><div class=\"wp-block-latest-posts__post-full-content\"><!-- wp:paragraph -->\n<p>Bi\u00e8re Du Monde &#8211; La Garde<\/p>\n<!-- \/wp:paragraph -->\n\n<!-- wp:paragraph -->\n<p>Start vers 21h15<\/p>\n<!-- \/wp:paragraph --><\/div><\/li>\n<li><a class=\"wp-block-latest-posts__post-title\" href=\"http:\/\/cavalasunderground.com\/?p=870\">Vendredi 19 Ao\u00fbt 2022<\/a><div class=\"wp-block-latest-posts__post-full-content\"><!-- wp:paragraph -->\n<p>Au Miramar aux Sablettes<\/p>\n<!-- \/wp:paragraph -->\n\n<!-- wp:paragraph -->\n<p>Start vers 21h30<\/p>\n<!-- \/wp:paragraph --><\/div><\/li>\n<li><a class=\"wp-block-latest-posts__post-title\" href=\"http:\/\/cavalasunderground.com\/?p=867\">Jeudi 18 Ao\u00fbt 2022<\/a><div class=\"wp-block-latest-posts__post-full-content\"><!-- wp:paragraph -->\n<p>Vert Bois &#8211; Centre SNCF<\/p>\n<!-- \/wp:paragraph -->\n\n<!-- wp:paragraph -->\n<p>Start vers 21h00<\/p>\n<!-- \/wp:paragraph --><\/div><\/li>\n<li><a class=\"wp-block-latest-posts__post-title\" href=\"http:\/\/cavalasunderground.com\/?p=865\">Lundi 15 Ao\u00fbt 2022<\/a><div class=\"wp-block-latest-posts__post-full-content\"><!-- wp:paragraph -->\n<p>L&rsquo;Hacienda \u00e0 la Seyne-sur-Mer<\/p>\n<!-- \/wp:paragraph -->\n\n<!-- wp:paragraph -->\n<p>Start vers 21h00<\/p>\n<!-- \/wp:paragraph --><\/div><\/li>\n<li><a class=\"wp-block-latest-posts__post-title\" href=\"http:\/\/cavalasunderground.com\/?p=862\">Samedi 16 Juillet 2022<\/a><div class=\"wp-block-latest-posts__post-full-content\"><!-- wp:paragraph -->\n<p>50 ans du Rugby Saint-Mandrier<\/p>\n<!-- \/wp:paragraph -->\n\n<!-- wp:paragraph -->\n<p>En 1i\u00e8re partie CHAPAC<\/p>\n<!-- \/wp:paragraph -->\n\n<!-- wp:paragraph -->\n<p>Cavalas et Happy Hand Galileo puis tout le monde !!!<\/p>\n<!-- \/wp:paragraph -->\n\n<!-- wp:paragraph -->\n<p>Grosse f\u00eate en perspective<\/p>\n<!-- \/wp:paragraph --><\/div><\/li>\n<li><a class=\"wp-block-latest-posts__post-title\" href=\"http:\/\/cavalasunderground.com\/?p=860\">Jeudi 14 Juillet 2022<\/a><div class=\"wp-block-latest-posts__post-full-content\"><!-- wp:paragraph -->\n<p>Sur le port de la Seyne-sur-Mer et Feu d&rsquo;artifice !<\/p>\n<!-- \/wp:paragraph --><\/div><\/li>\n<li><a class=\"wp-block-latest-posts__post-title\" href=\"http:\/\/cavalasunderground.com\/?p=858\">Mercredi 13 Juillet 2022<\/a><div class=\"wp-block-latest-posts__post-full-content\"><!-- wp:paragraph -->\n<p>Sollies-Toucas place Gambetta<\/p>\n<!-- \/wp:paragraph -->\n\n<!-- wp:paragraph -->\n<p>Start \u00e0 21h00<\/p>\n<!-- \/wp:paragraph --><\/div><\/li>\n<li><a class=\"wp-block-latest-posts__post-title\" href=\"http:\/\/cavalasunderground.com\/?p=856\">Samedi 09 Juillet 2022<\/a><div class=\"wp-block-latest-posts__post-full-content\"><!-- wp:paragraph -->\n<p>Baletti du Brul\u00e4t place Saint Louis<\/p>\n<!-- \/wp:paragraph -->\n\n<!-- wp:paragraph -->\n<p>Avec le groupe Alambic en deuxi\u00e8me partie ! <\/p>\n<!-- \/wp:paragraph -->\n\n<!-- wp:paragraph -->\n<p>Start vers 21h00<\/p>\n<!-- \/wp:paragraph --><\/div><\/li>\n<li><a class=\"wp-block-latest-posts__post-title\" href=\"http:\/\/cavalasunderground.com\/?p=854\">Mardi 05 Juillet 2022<\/a><div class=\"wp-block-latest-posts__post-full-content\"><!-- wp:paragraph -->\n<p>Vert Bois &#8211; Centre SNCF <\/p>\n<!-- \/wp:paragraph -->\n\n<!-- wp:paragraph -->\n<p>A partir de 21h00<\/p>\n<!-- \/wp:paragraph --><\/div><\/li>\n<li><a class=\"wp-block-latest-posts__post-title\" href=\"http:\/\/cavalasunderground.com\/?p=852\">Samedi 25 Juin 2022<\/a><div class=\"wp-block-latest-posts__post-full-content\"><!-- wp:paragraph -->\n<p>Cavalas camion pour le D\u00e9fil\u00e9 de la Saint Pierre \u00e0 Saint-Mandrier sur Mer \u00e0 partir de 21h<\/p>\n<!-- \/wp:paragraph --><\/div><\/li>\n<li><a class=\"wp-block-latest-posts__post-title\" href=\"http:\/\/cavalasunderground.com\/?p=850\">Samedi 11 Juin 2022<\/a><div class=\"wp-block-latest-posts__post-full-content\"><!-- wp:paragraph -->\n<p>Soir\u00e9e priv\u00e9e \u00e0 la Bayorre<\/p>\n<!-- \/wp:paragraph -->\n\n<!-- wp:paragraph -->\n<p>De 20h jusqu&rsquo;au bout de la nuit&#8230;<\/p>\n<!-- \/wp:paragraph --><\/div><\/li>\n<\/ul>\n\n\n<p><\/p>\n\n\n\n<figure class=\"wp-block-image size-large is-style-rounded\" id=\"dedicace\"><img loading=\"lazy\" decoding=\"async\" width=\"1024\" height=\"69\" src=\"http:\/\/cavalah.cluster028.hosting.ovh.net\/wp-content\/uploads\/2021\/06\/Logo-Cavalas-Baguette-1024x69.png\" alt=\"\" class=\"wp-image-99\" srcset=\"http:\/\/cavalasunderground.com\/wp-content\/uploads\/2021\/06\/Logo-Cavalas-Baguette-1024x69.png 1024w, http:\/\/cavalasunderground.com\/wp-content\/uploads\/2021\/06\/Logo-Cavalas-Baguette-300x20.png 300w, http:\/\/cavalasunderground.com\/wp-content\/uploads\/2021\/06\/Logo-Cavalas-Baguette-768x51.png 768w, http:\/\/cavalasunderground.com\/wp-content\/uploads\/2021\/06\/Logo-Cavalas-Baguette-1536x103.png 1536w, http:\/\/cavalasunderground.com\/wp-content\/uploads\/2021\/06\/Logo-Cavalas-Baguette-2048x137.png 2048w\" sizes=\"auto, (max-width: 1024px) 100vw, 1024px\" \/><\/figure>\n\n\n\n<div class=\"wp-block-cover is-light has-parallax is-repeated\" style=\"min-height:60px;aspect-ratio:unset;\"><span aria-hidden=\"true\" class=\"wp-block-cover__background has-background-dim-20 has-background-dim wp-block-cover__gradient-background has-background-gradient\" style=\"background:linear-gradient(135deg,rgb(255,203,112) 0%,rgb(199,81,192) 49%,rgb(65,88,208) 100%)\"><\/span><div role=\"img\" class=\"wp-block-cover__image-background wp-image-300 has-parallax is-repeated\" style=\"background-position:50% 50%;background-image:url(http:\/\/cavalah.cluster028.hosting.ovh.net\/wp-content\/uploads\/2021\/06\/BANDE-CONCERT-20190707_214237-scaled.jpg)\"><\/div><div class=\"wp-block-cover__inner-container is-layout-flow wp-block-cover-is-layout-flow\">\n<p class=\"has-text-align-center has-large-font-size\"><strong>DEDICACE<\/strong><\/p>\n<\/div><\/div>\n\n\n\n<p><\/p>\n\n\n\n<p><\/p>\n\n\n\n<figure class=\"wp-block-image size-large is-style-rounded\"><img loading=\"lazy\" decoding=\"async\" width=\"1024\" height=\"694\" src=\"http:\/\/cavalah.cluster028.hosting.ovh.net\/wp-content\/uploads\/2021\/06\/DEDICACE-IMG_9022-scaled-e1624217825418-1024x694.jpg\" alt=\"\" class=\"wp-image-272\" srcset=\"http:\/\/cavalasunderground.com\/wp-content\/uploads\/2021\/06\/DEDICACE-IMG_9022-scaled-e1624217825418-1024x694.jpg 1024w, http:\/\/cavalasunderground.com\/wp-content\/uploads\/2021\/06\/DEDICACE-IMG_9022-scaled-e1624217825418-300x203.jpg 300w, http:\/\/cavalasunderground.com\/wp-content\/uploads\/2021\/06\/DEDICACE-IMG_9022-scaled-e1624217825418-768x520.jpg 768w, http:\/\/cavalasunderground.com\/wp-content\/uploads\/2021\/06\/DEDICACE-IMG_9022-scaled-e1624217825418-1536x1041.jpg 1536w, http:\/\/cavalasunderground.com\/wp-content\/uploads\/2021\/06\/DEDICACE-IMG_9022-scaled-e1624217825418-2048x1387.jpg 2048w\" sizes=\"auto, (max-width: 1024px) 100vw, 1024px\" \/><\/figure>\n\n\n<ul class=\"wp-block-latest-posts__list wp-block-latest-posts\"><li><a class=\"wp-block-latest-posts__post-title\" href=\"http:\/\/cavalasunderground.com\/?p=696\">Mardi 7 Septembre 2021 &#8211; RADIO TOP FM<\/a><div class=\"wp-block-latest-posts__post-full-content\"><!-- wp:paragraph -->\n<p>Allez 1 , 2 , 3 <img loading=\"lazy\" decoding=\"async\" width=\"16\" height=\"16\" alt=\"\ud83d\udd25\" src=\"https:\/\/static.xx.fbcdn.net\/images\/emoji.php\/v9\/t50\/1\/16\/1f525.png\">! <\/p>\n<!-- \/wp:paragraph -->\n\n<!-- wp:paragraph -->\n<p>On se retrouve de 17h \u00e0 18h du mardi au vendredi dans le <a href=\"https:\/\/www.facebook.com\/Le-DLF-Show-Top-Fm-871492599633966\/?__cft__[0]=AZWzH3JYqwp_ewkKm8VIToXlD0FfEHpbXIdquxnTOv2qwxIAU_Pe88WAwyTbwE9iRts5gRQyyLLZKS8GFP6hArGDqxNg5K_noZyd8IaR-Ol_NTyKYL9Tmoo04Hvfm7UPsnLeyp16X_WnxnMQl_DUW1nqoALuDoK9zxhW0Zv124VIgw&amp;__tn__=kK-y-R\">Le DLF Show Top Fm<\/a> 88.6 fm ou avec l&rsquo;application !!<\/p>\n<!-- \/wp:paragraph -->\n\n<!-- wp:paragraph -->\n<p>On a h\u00e2te de vous retrouver <img loading=\"lazy\" decoding=\"async\" width=\"16\" height=\"16\" alt=\"\ud83d\ude0a\" src=\"https:\/\/static.xx.fbcdn.net\/images\/emoji.php\/v9\/t7f\/1\/16\/1f60a.png\">. On va bien s&rsquo;amuser <img loading=\"lazy\" decoding=\"async\" width=\"16\" height=\"16\" alt=\"\ud83e\udd73\" src=\"https:\/\/static.xx.fbcdn.net\/images\/emoji.php\/v9\/t6d\/1\/16\/1f973.png\"><img loading=\"lazy\" decoding=\"async\" width=\"16\" height=\"16\" alt=\"\ud83e\udd73\" src=\"https:\/\/static.xx.fbcdn.net\/images\/emoji.php\/v9\/t6d\/1\/16\/1f973.png\"><img loading=\"lazy\" decoding=\"async\" width=\"16\" height=\"16\" alt=\"\ud83e\udd73\" src=\"https:\/\/static.xx.fbcdn.net\/images\/emoji.php\/v9\/t6d\/1\/16\/1f973.png\">. <\/p>\n<!-- \/wp:paragraph -->\n\n<!-- wp:paragraph -->\n<p>Semaine sp\u00e9ciale groupe <a href=\"https:\/\/www.facebook.com\/Vincentkourde?__cft__[0]=AZWzH3JYqwp_ewkKm8VIToXlD0FfEHpbXIdquxnTOv2qwxIAU_Pe88WAwyTbwE9iRts5gRQyyLLZKS8GFP6hArGDqxNg5K_noZyd8IaR-Ol_NTyKYL9Tmoo04Hvfm7UPsnLeyp16X_WnxnMQl_DUW1nqoALuDoK9zxhW0Zv124VIgw&amp;__tn__=-]K-y-R\">Cavalas Underground<\/a><img loading=\"lazy\" decoding=\"async\" width=\"16\" height=\"16\" alt=\"\ud83c\udfb8\" src=\"https:\/\/static.xx.fbcdn.net\/images\/emoji.php\/v9\/t21\/1\/16\/1f3b8.png\"><img loading=\"lazy\" decoding=\"async\" width=\"16\" height=\"16\" alt=\"\ud83c\udfb6\" src=\"https:\/\/static.xx.fbcdn.net\/images\/emoji.php\/v9\/t1f\/1\/16\/1f3b6.png\"><img loading=\"lazy\" decoding=\"async\" width=\"16\" height=\"16\" alt=\"\ud83c\udfa4\" src=\"https:\/\/static.xx.fbcdn.net\/images\/emoji.php\/v9\/t7e\/1\/16\/1f3a4.png\"><img loading=\"lazy\" decoding=\"async\" width=\"16\" height=\"16\" alt=\"\ud83c\udfb7\" src=\"https:\/\/static.xx.fbcdn.net\/images\/emoji.php\/v9\/ta0\/1\/16\/1f3b7.png\">.<\/p>\n<!-- \/wp:paragraph -->\n\n<!-- wp:paragraph -->\n<p>A mardi <img loading=\"lazy\" decoding=\"async\" width=\"16\" height=\"16\" alt=\"\ud83d\ude09\" src=\"https:\/\/static.xx.fbcdn.net\/images\/emoji.php\/v9\/t57\/1\/16\/1f609.png\">.<\/p>\n<!-- \/wp:paragraph -->\n\n<!-- wp:paragraph -->\n<p>Good vibes <img loading=\"lazy\" decoding=\"async\" width=\"16\" height=\"16\" alt=\"\ud83c\udf40\" src=\"https:\/\/static.xx.fbcdn.net\/images\/emoji.php\/v9\/t87\/1\/16\/1f340.png\"><img loading=\"lazy\" decoding=\"async\" width=\"16\" height=\"16\" alt=\"\ud83c\udf40\" src=\"https:\/\/static.xx.fbcdn.net\/images\/emoji.php\/v9\/t87\/1\/16\/1f340.png\"><img loading=\"lazy\" decoding=\"async\" width=\"16\" height=\"16\" alt=\"\ud83c\udf40\" src=\"https:\/\/static.xx.fbcdn.net\/images\/emoji.php\/v9\/t87\/1\/16\/1f340.png\">.<\/p>\n<!-- \/wp:paragraph --><\/div><\/li>\n<li><a class=\"wp-block-latest-posts__post-title\" href=\"http:\/\/cavalasunderground.com\/?p=688\">Samedi 4 Septembre 2021<\/a><div class=\"wp-block-latest-posts__post-full-content\"><!-- wp:paragraph -->\n<p>Au forum des associations. Cavalas underground est en place avec <a href=\"https:\/\/www.facebook.com\/profile.php?id=100028056233824&amp;__cft__[0]=AZWpevUB_h95vjAkCBBBFFydhSQXUfU1X4ykS9ITP8dOlwJnAU_voX3cNvY_WQCQPdYzu3kJJ-rduOwDM7j7R_73NKLR55jqw9E2bmEUAmJBvS-4POVlR7_cE_uQw9dA_TA&amp;__tn__=-]K-R\">David Myrtille<\/a> , <a href=\"https:\/\/www.facebook.com\/julien.pires.52?__cft__[0]=AZWpevUB_h95vjAkCBBBFFydhSQXUfU1X4ykS9ITP8dOlwJnAU_voX3cNvY_WQCQPdYzu3kJJ-rduOwDM7j7R_73NKLR55jqw9E2bmEUAmJBvS-4POVlR7_cE_uQw9dA_TA&amp;__tn__=-]K-R\">Julien Pires<\/a>, <a href=\"https:\/\/www.facebook.com\/profile.php?id=100014299061424&amp;__cft__[0]=AZWpevUB_h95vjAkCBBBFFydhSQXUfU1X4ykS9ITP8dOlwJnAU_voX3cNvY_WQCQPdYzu3kJJ-rduOwDM7j7R_73NKLR55jqw9E2bmEUAmJBvS-4POVlR7_cE_uQw9dA_TA&amp;__tn__=-]K-R\">Jean-christophe Campanella<\/a>, <a href=\"https:\/\/www.facebook.com\/guy.hopfner?__cft__[0]=AZWpevUB_h95vjAkCBBBFFydhSQXUfU1X4ykS9ITP8dOlwJnAU_voX3cNvY_WQCQPdYzu3kJJ-rduOwDM7j7R_73NKLR55jqw9E2bmEUAmJBvS-4POVlR7_cE_uQw9dA_TA&amp;__tn__=-]K-R\">Guy Hopfner<\/a>, <a href=\"https:\/\/www.facebook.com\/romainvince?__cft__[0]=AZWpevUB_h95vjAkCBBBFFydhSQXUfU1X4ykS9ITP8dOlwJnAU_voX3cNvY_WQCQPdYzu3kJJ-rduOwDM7j7R_73NKLR55jqw9E2bmEUAmJBvS-4POVlR7_cE_uQw9dA_TA&amp;__tn__=-]K-R\">Romain Vincent<\/a>, <a href=\"https:\/\/www.facebook.com\/romain.blanc.399?__cft__[0]=AZWpevUB_h95vjAkCBBBFFydhSQXUfU1X4ykS9ITP8dOlwJnAU_voX3cNvY_WQCQPdYzu3kJJ-rduOwDM7j7R_73NKLR55jqw9E2bmEUAmJBvS-4POVlR7_cE_uQw9dA_TA&amp;__tn__=-]K-R\">Romain Blanc<\/a> et toutes les associations Mandr\u00e9ennes. Rejoignez nous au stand, nous y sommes jusqu&rsquo;\u00e0 12h.<\/p>\n<!-- \/wp:paragraph --><\/div><\/li>\n<li><a class=\"wp-block-latest-posts__post-title\" href=\"http:\/\/cavalasunderground.com\/?p=690\">Vendredi 13 Ao\u00fbt 2021<\/a><div class=\"wp-block-latest-posts__post-full-content\"><!-- wp:paragraph -->\n<p>Nous serons Yves Pujol , Elsa et moi-m\u00eame au petit Casino Shop de Saint-Mandrier pour une d\u00e9dicace de nos deux derniers albums respectifs. On vous y attend \u00e0 partir de 10h16 jusqu&rsquo;\u00e0 environ 12h17.<\/p>\n<!-- \/wp:paragraph --><\/div><\/li>\n<li><a class=\"wp-block-latest-posts__post-title\" href=\"http:\/\/cavalasunderground.com\/?p=692\">Samedi 7 Ao\u00fbt 2021<\/a><div class=\"wp-block-latest-posts__post-full-content\"><!-- wp:paragraph -->\n<p>\u00c0 partir de 10h&#8230;On vous attend<a href=\"https:\/\/www.facebook.com\/profile.php?id=100007649476714&amp;__cft__[0]=AZUSBlcxYAkO-5fl300kuG4tF0UBK_cWT5fHaHMCDgwfgiYasUz8fuJOuSduYt4boHkW3u3AOchfq7JkklWt8hJMIemLpDCkN1KM8Jo78E7eHaxGu_1RClTT63PRKyl2SCmTx_m1926Mb5FwZLdyURAyUueTq8_nyJJOOVEB6upK7A&amp;__tn__=-]K-R\"> Yves Pujol<\/a> Elsa et moi-m\u00eame.<\/p>\n<!-- \/wp:paragraph -->\n\n<!-- wp:paragraph -->\n<p><\/p>\n<!-- \/wp:paragraph -->\n\n<!-- wp:paragraph -->\n<p>\u00a0\u00bb NUM\u00c9RO 5&Prime; : Le nouvel album du groupe AIOLI Disponible sur le site <a rel=\"noreferrer noopener\" href=\"http:\/\/www.groupeaioli.com\/?fbclid=IwAR0-_r-CYH5JdFeFYq6EdOhtT2c8yu7PnHUo5UQ1i7QvzjoDsd-0NPKysJA\" target=\"_blank\">www.groupeaioli.com<\/a> et sur place aux concerts Pour ST MANDRIER, en vente au Casino Shop et \u00e0 la Quincaillerie du port.<\/p>\n<!-- \/wp:paragraph -->\n\n<!-- wp:paragraph -->\n<p>\u00ab\u00a0BANC PUBLIC # 83430\u00a0\u00bb : Le nouvel album du groupe CAVALAS underground Disponible bient\u00f4t sur site de Cavalas underground et sur place aux concerts. Pour St MANDRIER, en vente au Casino Shop, \u00e0 la Quincaillerie du port, \u00e0 la cave Mandr\u00e9enne, \u00e0 la pharmacie de la presqu&rsquo;\u00eele et au <a href=\"https:\/\/www.facebook.com\/vival.pinrolland?__cft__[0]=AZUSBlcxYAkO-5fl300kuG4tF0UBK_cWT5fHaHMCDgwfgiYasUz8fuJOuSduYt4boHkW3u3AOchfq7JkklWt8hJMIemLpDCkN1KM8Jo78E7eHaxGu_1RClTT63PRKyl2SCmTx_m1926Mb5FwZLdyURAyUueTq8_nyJJOOVEB6upK7A&amp;__tn__=-]K-y-R\">Vival Pin Rolland<\/a> .<\/p>\n<!-- \/wp:paragraph -->\n\n<!-- wp:paragraph -->\n<p>IMPORTANT !!!! La d\u00e9dicace pr\u00e9vue initialement demain, le samedi 31 juillet est report\u00e9e au samedi 7 AO\u00dbT.<a href=\"https:\/\/www.facebook.com\/profile.php?id=100007649476714&amp;__cft__[0]=AZUSBlcxYAkO-5fl300kuG4tF0UBK_cWT5fHaHMCDgwfgiYasUz8fuJOuSduYt4boHkW3u3AOchfq7JkklWt8hJMIemLpDCkN1KM8Jo78E7eHaxGu_1RClTT63PRKyl2SCmTx_m1926Mb5FwZLdyURAyUueTq8_nyJJOOVEB6upK7A&amp;__tn__=-]K-y-R\">Yves Pujol<\/a> &amp; Elsa ainsi que <a href=\"https:\/\/www.facebook.com\/profile.php?id=100014299061424&amp;__cft__[0]=AZUSBlcxYAkO-5fl300kuG4tF0UBK_cWT5fHaHMCDgwfgiYasUz8fuJOuSduYt4boHkW3u3AOchfq7JkklWt8hJMIemLpDCkN1KM8Jo78E7eHaxGu_1RClTT63PRKyl2SCmTx_m1926Mb5FwZLdyURAyUueTq8_nyJJOOVEB6upK7A&amp;__tn__=-]K-y-R\">Jean-christophe Campanella<\/a> et moi-m\u00eame vous attendrons pour une d\u00e9dicace anim\u00e9e <img loading=\"lazy\" decoding=\"async\" width=\"16\" height=\"16\" alt=\"\ud83e\udd23\" src=\"https:\/\/www.facebook.com\/images\/emoji.php\/v9\/t52\/1\/16\/1f923.png\"> Vous pourrez \u00e9galement acheter les t-shirts des deux groupes. <\/p>\n<!-- \/wp:paragraph -->\n\n<!-- wp:paragraph -->\n<p>\u00c0 tr\u00e8s vite les amis.<\/p>\n<!-- \/wp:paragraph -->\n\n<!-- wp:paragraph -->\n<p><\/p>\n<!-- \/wp:paragraph --><\/div><\/li>\n<\/ul>\n\n\n<p><\/p>\n","protected":false},"excerpt":{"rendered":"<p>Concert D\u00e9dicace<\/p>\n","protected":false},"author":2,"featured_media":0,"parent":0,"menu_order":0,"comment_status":"closed","ping_status":"closed","template":"","meta":{"footnotes":""},"class_list":["post-179","page","type-page","status-publish","hentry"],"_links":{"self":[{"href":"http:\/\/cavalasunderground.com\/index.php?rest_route=\/wp\/v2\/pages\/179","targetHints":{"allow":["GET"]}}],"collection":[{"href":"http:\/\/cavalasunderground.com\/index.php?rest_route=\/wp\/v2\/pages"}],"about":[{"href":"http:\/\/cavalasunderground.com\/index.php?rest_route=\/wp\/v2\/types\/page"}],"author":[{"embeddable":true,"href":"http:\/\/cavalasunderground.com\/index.php?rest_route=\/wp\/v2\/users\/2"}],"replies":[{"embeddable":true,"href":"http:\/\/cavalasunderground.com\/index.php?rest_route=%2Fwp%2Fv2%2Fcomments&post=179"}],"version-history":[{"count":29,"href":"http:\/\/cavalasunderground.com\/index.php?rest_route=\/wp\/v2\/pages\/179\/revisions"}],"predecessor-version":[{"id":1001,"href":"http:\/\/cavalasunderground.com\/index.php?rest_route=\/wp\/v2\/pages\/179\/revisions\/1001"}],"wp:attachment":[{"href":"http:\/\/cavalasunderground.com\/index.php?rest_route=%2Fwp%2Fv2%2Fmedia&parent=179"}],"curies":[{"name":"wp","href":"https:\/\/api.w.org\/{rel}","templated":true}]}}