{"id":1009,"date":"2024-11-13T18:21:33","date_gmt":"2024-11-13T17:21:33","guid":{"rendered":"http:\/\/cavalasunderground.com\/?page_id=1009"},"modified":"2025-12-08T18:39:08","modified_gmt":"2025-12-08T17:39:08","slug":"troisieme-album","status":"publish","type":"page","link":"http:\/\/cavalasunderground.com\/?page_id=1009","title":{"rendered":"Troisi\u00e8me Album"},"content":{"rendered":"\n<div class=\"wp-block-columns is-layout-flex wp-container-core-columns-is-layout-9d6595d7 wp-block-columns-is-layout-flex\">\n<div class=\"wp-block-column is-layout-flow wp-block-column-is-layout-flow\">\n<p class=\"has-text-align-center\"><A HREF=\"#titre\">TITRE<\/A><\/p>\n<\/div>\n\n\n\n<div class=\"wp-block-column is-layout-flow wp-block-column-is-layout-flow\">\n<p class=\"has-text-align-center\"><A HREF=\"#clip\">CLIP<\/A><\/p>\n<\/div>\n\n\n\n<div class=\"wp-block-column is-layout-flow wp-block-column-is-layout-flow\">\n<p class=\"has-text-align-center\"><A HREF=\"#parole\">PAROLE<\/A><\/p>\n<\/div>\n<\/div>\n\n\n\n<figure class=\"wp-block-image size-large img-sticker\"><img loading=\"lazy\" decoding=\"async\" width=\"1024\" height=\"931\" src=\"http:\/\/cavalasunderground.com\/wp-content\/uploads\/2025\/12\/POCHETTE-CAVALAS-UNDERGROUND_3eMI-TEMPS-1024x931.png\" alt=\"\" class=\"wp-image-1127\" srcset=\"http:\/\/cavalasunderground.com\/wp-content\/uploads\/2025\/12\/POCHETTE-CAVALAS-UNDERGROUND_3eMI-TEMPS-1024x931.png 1024w, http:\/\/cavalasunderground.com\/wp-content\/uploads\/2025\/12\/POCHETTE-CAVALAS-UNDERGROUND_3eMI-TEMPS-300x273.png 300w, http:\/\/cavalasunderground.com\/wp-content\/uploads\/2025\/12\/POCHETTE-CAVALAS-UNDERGROUND_3eMI-TEMPS-768x698.png 768w, http:\/\/cavalasunderground.com\/wp-content\/uploads\/2025\/12\/POCHETTE-CAVALAS-UNDERGROUND_3eMI-TEMPS-1536x1397.png 1536w, http:\/\/cavalasunderground.com\/wp-content\/uploads\/2025\/12\/POCHETTE-CAVALAS-UNDERGROUND_3eMI-TEMPS.png 1778w\" sizes=\"auto, (max-width: 1024px) 100vw, 1024px\" \/><\/figure>\n\n\n\n<figure class=\"wp-block-image size-large\"><img loading=\"lazy\" decoding=\"async\" width=\"1024\" height=\"698\" src=\"http:\/\/cavalasunderground.com\/wp-content\/uploads\/2025\/01\/20250116_091858-1024x698.jpg\" alt=\"\" class=\"wp-image-1055\" srcset=\"http:\/\/cavalasunderground.com\/wp-content\/uploads\/2025\/01\/20250116_091858-1024x698.jpg 1024w, http:\/\/cavalasunderground.com\/wp-content\/uploads\/2025\/01\/20250116_091858-300x204.jpg 300w, http:\/\/cavalasunderground.com\/wp-content\/uploads\/2025\/01\/20250116_091858-768x523.jpg 768w, http:\/\/cavalasunderground.com\/wp-content\/uploads\/2025\/01\/20250116_091858-1536x1046.jpg 1536w, http:\/\/cavalasunderground.com\/wp-content\/uploads\/2025\/01\/20250116_091858-2048x1395.jpg 2048w\" sizes=\"auto, (max-width: 1024px) 100vw, 1024px\" \/><\/figure>\n\n\n\n<figure class=\"wp-block-image size-large\" id=\"titre\"><img loading=\"lazy\" decoding=\"async\" width=\"1024\" height=\"69\" src=\"http:\/\/cavalasunderground.com\/wp-content\/uploads\/2021\/06\/Logo-Cavalas-Baguette-1-1024x69.png\" alt=\"\" class=\"wp-image-100\" srcset=\"http:\/\/cavalasunderground.com\/wp-content\/uploads\/2021\/06\/Logo-Cavalas-Baguette-1-1024x69.png 1024w, http:\/\/cavalasunderground.com\/wp-content\/uploads\/2021\/06\/Logo-Cavalas-Baguette-1-300x20.png 300w, http:\/\/cavalasunderground.com\/wp-content\/uploads\/2021\/06\/Logo-Cavalas-Baguette-1-768x51.png 768w, http:\/\/cavalasunderground.com\/wp-content\/uploads\/2021\/06\/Logo-Cavalas-Baguette-1-1536x103.png 1536w, http:\/\/cavalasunderground.com\/wp-content\/uploads\/2021\/06\/Logo-Cavalas-Baguette-1-2048x137.png 2048w\" sizes=\"auto, (max-width: 1024px) 100vw, 1024px\" \/><\/figure>\n\n\n\n<div class=\"wp-block-cover is-light img-sticker has-small-font-size\" style=\"min-height:100px;aspect-ratio:unset;\"><img loading=\"lazy\" decoding=\"async\" width=\"1024\" height=\"200\" class=\"wp-block-cover__image-background wp-image-1070 size-large\" alt=\"\" src=\"http:\/\/cavalasunderground.com\/wp-content\/uploads\/2025\/12\/3iemMi-Temps-Sur-Mer-BANDEAU-1024x200.jpg\" data-object-fit=\"cover\" srcset=\"http:\/\/cavalasunderground.com\/wp-content\/uploads\/2025\/12\/3iemMi-Temps-Sur-Mer-BANDEAU-1024x200.jpg 1024w, http:\/\/cavalasunderground.com\/wp-content\/uploads\/2025\/12\/3iemMi-Temps-Sur-Mer-BANDEAU-300x59.jpg 300w, http:\/\/cavalasunderground.com\/wp-content\/uploads\/2025\/12\/3iemMi-Temps-Sur-Mer-BANDEAU-768x150.jpg 768w, http:\/\/cavalasunderground.com\/wp-content\/uploads\/2025\/12\/3iemMi-Temps-Sur-Mer-BANDEAU.jpg 1290w\" sizes=\"auto, (max-width: 1024px) 100vw, 1024px\" \/><span aria-hidden=\"true\" class=\"wp-block-cover__background has-background-dim\" style=\"background-color:#7ba6bf\"><\/span><div class=\"wp-block-cover__inner-container is-layout-constrained wp-block-cover-is-layout-constrained\">\n<p class=\"has-text-align-center has-white-color has-text-color has-link-color has-large-font-size wp-elements-fedcf26a777f33f0bb117f3fa89b3d98\">TITRE<\/p>\n<\/div><\/div>\n\n\n\n<BR \/>\n\n\n\n<figure class=\"wp-block-table\"><table class=\"has-background has-fixed-layout\" style=\"background:linear-gradient(135deg,rgba(7,146,227,0.32) 0%,rgba(81,102,224,0.28) 100%)\"><tbody><tr><td>1<\/td><td><a href=\"#chez-tonton-ju\">Chez Tonton Ju<\/a> (en duo avec <a href=\"http:\/\/www.yvespujol.com\" target=\"_blank\" rel=\"noreferrer noopener\">Yves Pujol<\/a>)<\/td><\/tr><tr><td>2<\/td><td>Un Autre moi<\/td><\/tr><tr><td>3<\/td><td>Friar&rsquo;s Bay Beach Caf\u00e9 (en duo avec <a href=\"http:\/\/www.yvespujol.com\" target=\"_blank\" rel=\"noreferrer noopener\">Yves Pujol<\/a>)<\/td><\/tr><tr><td>4<\/td><td><a href=\"#magie-opere\">La Magie op\u00e8re<\/a> (feat. Lenny Kourde)<\/td><\/tr><tr><td>5<\/td><td>Cavalas Underground<\/td><\/tr><tr><td>6<\/td><td><a href=\"#danse-moustique\">La Danse des moustiques<\/a><\/td><\/tr><tr><td>7<\/td><td>Dancing in the night<\/td><\/tr><tr><td>8<\/td><td>La Bouille<\/td><\/tr><tr><td>9<\/td><td>L&rsquo;Autoroute<\/td><\/tr><tr><td>10<\/td><td>La L\u00e9gende des Deux Fr\u00e8res<\/td><\/tr><tr><td>11<\/td><td>Liam<\/td><\/tr><tr><td>12<\/td><td><a href=\"#vie-est-belle\">La Vie est belle<\/a><\/td><\/tr><tr><td>13<\/td><td>Donner son coeur (feat. Philippe Collomb)<\/td><\/tr><tr><td>14<\/td><td>Allez les Toulonnais<\/td><\/tr><\/tbody><\/table><\/figure>\n\n\n\n<figure class=\"wp-block-image size-large\" id=\"clip\"><img loading=\"lazy\" decoding=\"async\" width=\"1024\" height=\"69\" src=\"http:\/\/cavalasunderground.com\/wp-content\/uploads\/2021\/06\/Logo-Cavalas-Baguette-1-1024x69.png\" alt=\"\" class=\"wp-image-100\" srcset=\"http:\/\/cavalasunderground.com\/wp-content\/uploads\/2021\/06\/Logo-Cavalas-Baguette-1-1024x69.png 1024w, http:\/\/cavalasunderground.com\/wp-content\/uploads\/2021\/06\/Logo-Cavalas-Baguette-1-300x20.png 300w, http:\/\/cavalasunderground.com\/wp-content\/uploads\/2021\/06\/Logo-Cavalas-Baguette-1-768x51.png 768w, http:\/\/cavalasunderground.com\/wp-content\/uploads\/2021\/06\/Logo-Cavalas-Baguette-1-1536x103.png 1536w, http:\/\/cavalasunderground.com\/wp-content\/uploads\/2021\/06\/Logo-Cavalas-Baguette-1-2048x137.png 2048w\" sizes=\"auto, (max-width: 1024px) 100vw, 1024px\" \/><\/figure>\n\n\n\n<div class=\"wp-block-cover is-light img-sticker has-small-font-size\" style=\"min-height:100px;aspect-ratio:unset;\"><img loading=\"lazy\" decoding=\"async\" width=\"1024\" height=\"200\" class=\"wp-block-cover__image-background wp-image-1070 size-large\" alt=\"\" src=\"http:\/\/cavalasunderground.com\/wp-content\/uploads\/2025\/12\/3iemMi-Temps-Sur-Mer-BANDEAU-1024x200.jpg\" data-object-fit=\"cover\" srcset=\"http:\/\/cavalasunderground.com\/wp-content\/uploads\/2025\/12\/3iemMi-Temps-Sur-Mer-BANDEAU-1024x200.jpg 1024w, http:\/\/cavalasunderground.com\/wp-content\/uploads\/2025\/12\/3iemMi-Temps-Sur-Mer-BANDEAU-300x59.jpg 300w, http:\/\/cavalasunderground.com\/wp-content\/uploads\/2025\/12\/3iemMi-Temps-Sur-Mer-BANDEAU-768x150.jpg 768w, http:\/\/cavalasunderground.com\/wp-content\/uploads\/2025\/12\/3iemMi-Temps-Sur-Mer-BANDEAU.jpg 1290w\" sizes=\"auto, (max-width: 1024px) 100vw, 1024px\" \/><span aria-hidden=\"true\" class=\"wp-block-cover__background has-background-dim\" style=\"background-color:#7ba6bf\"><\/span><div class=\"wp-block-cover__inner-container is-layout-constrained wp-block-cover-is-layout-constrained\">\n<p class=\"has-text-align-center has-white-color has-text-color has-link-color has-large-font-size wp-elements-4fa218976085747043ef6bdd8bb44a9d\">CLIP<\/p>\n<\/div><\/div>\n\n\n\n<BR \/>\n<div id=\"chez-tonton-ju\" \/>\n\n\n\n<figure class=\"wp-block-embed is-type-video is-provider-youtube wp-block-embed-youtube wp-embed-aspect-16-9 wp-has-aspect-ratio\"><div class=\"wp-block-embed__wrapper\">\n<iframe loading=\"lazy\" title=\"&quot;Chez Tonton Ju&quot;\" width=\"960\" height=\"540\" src=\"https:\/\/www.youtube.com\/embed\/p0KZSoRYdF0?feature=oembed\" frameborder=\"0\" allow=\"accelerometer; autoplay; clipboard-write; encrypted-media; gyroscope; picture-in-picture; web-share\" referrerpolicy=\"strict-origin-when-cross-origin\" allowfullscreen><\/iframe>\n<\/div><\/figure>\n\n\n\n<BR \/> \n<div id=\"magie-opere\" \/>\n\n\n\n<figure class=\"wp-block-embed is-type-video is-provider-youtube wp-block-embed-youtube wp-embed-aspect-16-9 wp-has-aspect-ratio\"><div class=\"wp-block-embed__wrapper\">\n<iframe loading=\"lazy\" title=\"&quot;La magie op\u00e8re&quot;  Cavalas Underground\" width=\"960\" height=\"540\" src=\"https:\/\/www.youtube.com\/embed\/0_mzBaEOvPI?feature=oembed\" frameborder=\"0\" allow=\"accelerometer; autoplay; clipboard-write; encrypted-media; gyroscope; picture-in-picture; web-share\" referrerpolicy=\"strict-origin-when-cross-origin\" allowfullscreen><\/iframe>\n<\/div><\/figure>\n\n\n\n<BR \/>\n<div id=\"danse-moustique\" \/>\n\n\n\n<figure class=\"wp-block-embed is-type-video is-provider-youtube wp-block-embed-youtube wp-embed-aspect-16-9 wp-has-aspect-ratio\"><div class=\"wp-block-embed__wrapper\">\n<iframe loading=\"lazy\" title=\"Cavalas Underground   La danse des moustiques\" width=\"960\" height=\"540\" src=\"https:\/\/www.youtube.com\/embed\/PRSYT8GDxkE?feature=oembed\" frameborder=\"0\" allow=\"accelerometer; autoplay; clipboard-write; encrypted-media; gyroscope; picture-in-picture; web-share\" referrerpolicy=\"strict-origin-when-cross-origin\" allowfullscreen><\/iframe>\n<\/div><\/figure>\n\n\n\n<BR \/>\n<div id=\"vie-est-belle\" \/>\n\n\n\n<figure class=\"wp-block-embed is-type-video is-provider-youtube wp-block-embed-youtube wp-embed-aspect-16-9 wp-has-aspect-ratio\"><div class=\"wp-block-embed__wrapper\">\n<iframe loading=\"lazy\" title=\"&quot;La vie est belle&quot; Cavalas Underground\" width=\"960\" height=\"540\" src=\"https:\/\/www.youtube.com\/embed\/CiJhx47_oh0?feature=oembed\" frameborder=\"0\" allow=\"accelerometer; autoplay; clipboard-write; encrypted-media; gyroscope; picture-in-picture; web-share\" referrerpolicy=\"strict-origin-when-cross-origin\" allowfullscreen><\/iframe>\n<\/div><\/figure>\n\n\n\n<figure class=\"wp-block-image size-large\" id=\"parole\"><img loading=\"lazy\" decoding=\"async\" width=\"1024\" height=\"69\" src=\"http:\/\/cavalasunderground.com\/wp-content\/uploads\/2021\/06\/Logo-Cavalas-Baguette-1-1024x69.png\" alt=\"\" class=\"wp-image-100\" srcset=\"http:\/\/cavalasunderground.com\/wp-content\/uploads\/2021\/06\/Logo-Cavalas-Baguette-1-1024x69.png 1024w, http:\/\/cavalasunderground.com\/wp-content\/uploads\/2021\/06\/Logo-Cavalas-Baguette-1-300x20.png 300w, http:\/\/cavalasunderground.com\/wp-content\/uploads\/2021\/06\/Logo-Cavalas-Baguette-1-768x51.png 768w, http:\/\/cavalasunderground.com\/wp-content\/uploads\/2021\/06\/Logo-Cavalas-Baguette-1-1536x103.png 1536w, http:\/\/cavalasunderground.com\/wp-content\/uploads\/2021\/06\/Logo-Cavalas-Baguette-1-2048x137.png 2048w\" sizes=\"auto, (max-width: 1024px) 100vw, 1024px\" \/><\/figure>\n\n\n\n<div class=\"wp-block-cover is-light img-sticker has-small-font-size\" style=\"min-height:100px;aspect-ratio:unset;\"><img loading=\"lazy\" decoding=\"async\" width=\"1024\" height=\"200\" class=\"wp-block-cover__image-background wp-image-1070 size-large\" alt=\"\" src=\"http:\/\/cavalasunderground.com\/wp-content\/uploads\/2025\/12\/3iemMi-Temps-Sur-Mer-BANDEAU-1024x200.jpg\" data-object-fit=\"cover\" srcset=\"http:\/\/cavalasunderground.com\/wp-content\/uploads\/2025\/12\/3iemMi-Temps-Sur-Mer-BANDEAU-1024x200.jpg 1024w, http:\/\/cavalasunderground.com\/wp-content\/uploads\/2025\/12\/3iemMi-Temps-Sur-Mer-BANDEAU-300x59.jpg 300w, http:\/\/cavalasunderground.com\/wp-content\/uploads\/2025\/12\/3iemMi-Temps-Sur-Mer-BANDEAU-768x150.jpg 768w, http:\/\/cavalasunderground.com\/wp-content\/uploads\/2025\/12\/3iemMi-Temps-Sur-Mer-BANDEAU.jpg 1290w\" sizes=\"auto, (max-width: 1024px) 100vw, 1024px\" \/><span aria-hidden=\"true\" class=\"wp-block-cover__background has-background-dim\" style=\"background-color:#7ba6bf\"><\/span><div class=\"wp-block-cover__inner-container is-layout-constrained wp-block-cover-is-layout-constrained\">\n<p class=\"has-text-align-center has-white-color has-text-color has-link-color has-large-font-size wp-elements-1aa6458aa17db81006f42a7acaf69ee4\">PAROLE<\/p>\n<\/div><\/div>\n\n\n\n<BR \/>\n\n\n<ul class=\"wp-block-latest-posts__list wp-block-latest-posts\"><li><a class=\"wp-block-latest-posts__post-title\" href=\"http:\/\/cavalasunderground.com\/?p=1093\">Cavalas Underground \u2013 3i\u00e8me Mi-Temps-sur-Mer &#8211; 01 &#8211; Chez Tonton Ju<\/a><\/li>\n<li><a class=\"wp-block-latest-posts__post-title\" href=\"http:\/\/cavalasunderground.com\/?p=1095\">Cavalas Underground \u2013 3i\u00e8me Mi-Temps-sur-Mer &#8211; 02 &#8211; La Bouille<\/a><\/li>\n<li><a class=\"wp-block-latest-posts__post-title\" href=\"http:\/\/cavalasunderground.com\/?p=1103\">Cavalas Underground \u2013 3i\u00e8me Mi-Temps-sur-Mer &#8211; 06 &#8211; La Danse des Moustiques<\/a><\/li>\n<li><a class=\"wp-block-latest-posts__post-title\" href=\"http:\/\/cavalasunderground.com\/?p=1111\">Cavalas Underground \u2013 3i\u00e8me Mi-Temps-sur-Mer &#8211; 09 &#8211; Un Autre Moi<\/a><\/li>\n<li><a class=\"wp-block-latest-posts__post-title\" href=\"http:\/\/cavalasunderground.com\/?p=1113\">Cavalas Underground \u2013 3i\u00e8me Mi-Temps-sur-Mer &#8211; 10 &#8211; La L\u00e9gende des Deux Fr\u00e8res<\/a><\/li>\n<li><a class=\"wp-block-latest-posts__post-title\" href=\"http:\/\/cavalasunderground.com\/?p=1097\">Cavalas Underground \u2013 3i\u00e8me Mi-Temps-sur-Mer \u2013 03 &#8211; Friars Bay Beach Caf\u00e9<\/a><\/li>\n<li><a class=\"wp-block-latest-posts__post-title\" href=\"http:\/\/cavalasunderground.com\/?p=1099\">Cavalas Underground \u2013 3i\u00e8me Mi-Temps-sur-Mer \u2013 04 &#8211; La Magie Op\u00e8re !<\/a><\/li>\n<li><a class=\"wp-block-latest-posts__post-title\" href=\"http:\/\/cavalasunderground.com\/?p=1101\">Cavalas Underground \u2013 3i\u00e8me Mi-Temps-sur-Mer \u2013 05 &#8211; Cavalas Underground<\/a><\/li>\n<li><a class=\"wp-block-latest-posts__post-title\" href=\"http:\/\/cavalasunderground.com\/?p=1106\">Cavalas Underground \u2013 3i\u00e8me Mi-Temps-sur-Mer \u2013 07 &#8211; Dancing in the Night<\/a><\/li>\n<li><a class=\"wp-block-latest-posts__post-title\" href=\"http:\/\/cavalasunderground.com\/?p=1109\">Cavalas Underground \u2013 3i\u00e8me Mi-Temps-sur-Mer \u2013 08 &#8211; L&rsquo;Autoroute<\/a><\/li>\n<li><a class=\"wp-block-latest-posts__post-title\" href=\"http:\/\/cavalasunderground.com\/?p=1115\">Cavalas Underground \u2013 3i\u00e8me Mi-Temps-sur-Mer \u2013 11 &#8211; Liam<\/a><\/li>\n<li><a class=\"wp-block-latest-posts__post-title\" href=\"http:\/\/cavalasunderground.com\/?p=1117\">Cavalas Underground \u2013 3i\u00e8me Mi-Temps-sur-Mer \u2013 12 &#8211; La Vie est Belle<\/a><\/li>\n<li><a class=\"wp-block-latest-posts__post-title\" href=\"http:\/\/cavalasunderground.com\/?p=1119\">Cavalas Underground \u2013 3i\u00e8me Mi-Temps-sur-Mer \u2013 13 &#8211; Donner son Coeur<\/a><\/li>\n<li><a class=\"wp-block-latest-posts__post-title\" href=\"http:\/\/cavalasunderground.com\/?p=1121\">Cavalas Underground \u2013 3i\u00e8me Mi-Temps-sur-Mer \u2013 14 &#8211; Allez les Toulonnais<\/a><\/li>\n<\/ul>","protected":false},"excerpt":{"rendered":"<p>TITRE CLIP PAROLE 1 Chez Tonton Ju (en duo avec Yves Pujol) 2 Un Autre moi 3 Friar&rsquo;s Bay Beach &hellip; <a href=\"http:\/\/cavalasunderground.com\/?page_id=1009\" class=\"more-link\">More <span class=\"screen-reader-text\">Troisi\u00e8me Album<\/span> <span class=\"meta-nav\">&rarr;<\/span><\/a><\/p>\n","protected":false},"author":2,"featured_media":0,"parent":0,"menu_order":0,"comment_status":"closed","ping_status":"closed","template":"","meta":{"footnotes":""},"class_list":["post-1009","page","type-page","status-publish","hentry"],"_links":{"self":[{"href":"http:\/\/cavalasunderground.com\/index.php?rest_route=\/wp\/v2\/pages\/1009","targetHints":{"allow":["GET"]}}],"collection":[{"href":"http:\/\/cavalasunderground.com\/index.php?rest_route=\/wp\/v2\/pages"}],"about":[{"href":"http:\/\/cavalasunderground.com\/index.php?rest_route=\/wp\/v2\/types\/page"}],"author":[{"embeddable":true,"href":"http:\/\/cavalasunderground.com\/index.php?rest_route=\/wp\/v2\/users\/2"}],"replies":[{"embeddable":true,"href":"http:\/\/cavalasunderground.com\/index.php?rest_route=%2Fwp%2Fv2%2Fcomments&post=1009"}],"version-history":[{"count":33,"href":"http:\/\/cavalasunderground.com\/index.php?rest_route=\/wp\/v2\/pages\/1009\/revisions"}],"predecessor-version":[{"id":1130,"href":"http:\/\/cavalasunderground.com\/index.php?rest_route=\/wp\/v2\/pages\/1009\/revisions\/1130"}],"wp:attachment":[{"href":"http:\/\/cavalasunderground.com\/index.php?rest_route=%2Fwp%2Fv2%2Fmedia&parent=1009"}],"curies":[{"name":"wp","href":"https:\/\/api.w.org\/{rel}","templated":true}]}}